{"id":2943,"date":"2022-03-15T13:10:10","date_gmt":"2022-03-15T12:10:10","guid":{"rendered":"https:\/\/scana.no\/about-scana\/this-is-scana\/"},"modified":"2026-02-19T11:14:29","modified_gmt":"2026-02-19T10:14:29","slug":"this-is-scana","status":"publish","type":"page","link":"https:\/\/scana.no\/no\/about-scana\/this-is-scana\/","title":{"rendered":"Dette er Scana"},"content":{"rendered":"\n<div class=\"wp-block-columns is-layout-flex wp-container-core-columns-is-layout-9d6595d7 wp-block-columns-is-layout-flex\">\n<div class=\"wp-block-column is-layout-flow wp-block-column-is-layout-flow\">\n<p>Scana ASA er en aktiv industriell eier av teknologi og tjenester for offshore- og energibransjen.<\/p>\n\n\n\n<p><\/p>\n\n\n\n<p>Med et langsiktig perspektiv bygger vi virksomhetene organisk, utnytter oppkj\u00f8psmuligheter og tilpasser portef\u00f8ljen over tid for \u00e5 sikre optimal kapitalbruk.<\/p>\n\n\n\n<p>Scana har hovedkontor i Bergen.<\/p>\n<\/div>\n<\/div>\n\n\n\n<p><\/p>\n","protected":false},"excerpt":{"rendered":"<p>Scana ASA er en aktiv industriell eier av teknologi og tjenester for offshore- og energibransjen. Med et langsiktig perspektiv bygger vi virksomhetene organisk, utnytter oppkj\u00f8psmuligheter og tilpasser portef\u00f8ljen over tid for \u00e5 sikre optimal kapitalbruk. Scana har hovedkontor i Bergen.<\/p>\n","protected":false},"author":1,"featured_media":2919,"parent":2941,"menu_order":0,"comment_status":"closed","ping_status":"closed","template":"templates\/page-about.php","meta":{"_acf_changed":false,"inline_featured_image":false,"footnotes":""},"class_list":["post-2943","page","type-page","status-publish","has-post-thumbnail","hentry"],"acf":[],"jetpack_sharing_enabled":true,"_links":{"self":[{"href":"https:\/\/scana.no\/no\/wp-json\/wp\/v2\/pages\/2943","targetHints":{"allow":["GET"]}}],"collection":[{"href":"https:\/\/scana.no\/no\/wp-json\/wp\/v2\/pages"}],"about":[{"href":"https:\/\/scana.no\/no\/wp-json\/wp\/v2\/types\/page"}],"author":[{"embeddable":true,"href":"https:\/\/scana.no\/no\/wp-json\/wp\/v2\/users\/1"}],"replies":[{"embeddable":true,"href":"https:\/\/scana.no\/no\/wp-json\/wp\/v2\/comments?post=2943"}],"version-history":[{"count":24,"href":"https:\/\/scana.no\/no\/wp-json\/wp\/v2\/pages\/2943\/revisions"}],"predecessor-version":[{"id":4549,"href":"https:\/\/scana.no\/no\/wp-json\/wp\/v2\/pages\/2943\/revisions\/4549"}],"up":[{"embeddable":true,"href":"https:\/\/scana.no\/no\/wp-json\/wp\/v2\/pages\/2941"}],"wp:featuredmedia":[{"embeddable":true,"href":"https:\/\/scana.no\/no\/wp-json\/wp\/v2\/media\/2919"}],"wp:attachment":[{"href":"https:\/\/scana.no\/no\/wp-json\/wp\/v2\/media?parent=2943"}],"curies":[{"name":"wp","href":"https:\/\/api.w.org\/{rel}","templated":true}]}}