{"id":2945,"date":"2022-03-16T09:46:19","date_gmt":"2022-03-16T08:46:19","guid":{"rendered":"https:\/\/scana.no\/about-scana\/corporate-governance\/"},"modified":"2026-03-27T12:52:48","modified_gmt":"2026-03-27T11:52:48","slug":"corporate-governance","status":"publish","type":"page","link":"https:\/\/scana.no\/no\/about-scana\/corporate-governance\/","title":{"rendered":"Eierstyring og selskapsledelse"},"content":{"rendered":"\n<div class=\"wp-block-columns is-layout-flex wp-container-core-columns-is-layout-9d6595d7 wp-block-columns-is-layout-flex\">\n<div class=\"wp-block-column is-layout-flow wp-block-column-is-layout-flow\">\n<p>Morselskapet i konsernet, Scana, er et norsk selskap notert p\u00e5 Euronext Oslo B\u00f8rs. Selskapet er derfor underlagt norsk lovgivning som har etablert minimumsstandarder for prinsipper knyttet til eierstyring. Scana ASA har som m\u00e5l \u00e5 etterleve den norske anbefalingen for eierstyring og selskapsledelse tilgjengelig p\u00e5 <a href=\"http:\/\/www.nues.no\/\">www.nues.no<\/a>.<\/p>\n<\/div>\n\n\n\n<div class=\"wp-block-column is-layout-flow wp-block-column-is-layout-flow\">\n<p> Ved \u00e5 f\u00f8lge disse anbefalingene, har selskapet som m\u00e5l \u00e5 styrke tilliten blant interessenter og bidra til langsiktig verdiskaping til fordel for aksjon\u00e6rer, ansatte og andre interessenter.<\/p>\n\n\n\n<p><\/p>\n<\/div>\n<\/div>\n\n\n\n<p><br><\/p>\n\n\n\n<details class=\"wp-block-details is-layout-flow wp-block-details-is-layout-flow\"><summary>Styrende organer<\/summary>\n<p><strong>Ordin\u00e6r generalforsamling<\/strong><br>Generalforsamlingen er selskapets h\u00f8yeste organ og et viktig forum for samarbeid mellom selskapets aksjon\u00e6rer, styret og ledelsen. Selskapet oppfordrer aksjon\u00e6rene sine til \u00e5 ut\u00f8ve sine rettigheter ved \u00e5 delta p\u00e5 generalforsamlinger.<\/p>\n\n\n\n<p>Scana ASA har etablert rutiner og prosedyrer i forbindelse med generalforsamlinger som er i samsvar med retningslinjene i den norske anbefalingen for eierstyring og selskapsledelse.<\/p>\n\n\n\n<p>Innkalling og protokoller er tilgjengelige p\u00e5 selskapets nettside i seksjonen \u201c<a href=\"https:\/\/scana.no\/no\/investorer\/\" data-type=\"page\" data-id=\"2954\">Investorer<\/a>.\u201d <\/p>\n\n\n\n<p>Innkallinger til ordin\u00e6re generalforsamlinger sendes ut og kunngj\u00f8res i henhold til gjeldende lovgivning og b\u00f8rsmeldingsregler. Omfattende dokumentasjon relatert til punktene p\u00e5 dagsordenen utarbeides og gj\u00f8res tilgjengelig p\u00e5 selskapets nettside senest 21 dager f\u00f8r generalforsamlingen.<\/p>\n\n\n\n<p>Fristen for registrering av deltakelse f\u00f8lger selskapets vedtekter. Aksjon\u00e6rer som ikke har mulighet til \u00e5 delta, kan stemme ved fullmakt. Et fullmaktsskjema f\u00f8lger med innkallingen til generalforsamlingen. Informasjon om prosedyren for fullmaktsskjemaet og informasjon om den utnevnte personen som kan stemme for aksjon\u00e6rene som fullmektig, f\u00f8lger med innkallingen.<\/p>\n\n\n\n<p>P\u00e5 Scana ASA sin generalforsamling er minst styrelederen, lederen av valgkomiteen og revisor til stede. Ledelsen er representert av konsernsjef (CEO) og finansdirekt\u00f8r (CFO). Generalforsamlingen \u00e5pnes og ledes av styrelederen.<\/p>\n\n\n\n<p>N\u00e5r styret eller andre organer i selskapet skal velges, kan aksjon\u00e6rene stemme separat p\u00e5 hver kandidat som er nominert til valg i selskapets styringsorganer. Resultatet av avstemningen p\u00e5 generalforsamlingen offentliggj\u00f8res umiddelbart etter generalforsamlingen.<\/p>\n\n\n\n<p><strong>Valgkomite<\/strong><br>Vedtektene angir at selskapet skal ha en valgkomite. Komiteen m\u00e5 best\u00e5 av minst tre medlemmer. Valgkomiteen skal forberede den ordin\u00e6re generalforsamlingens valg av styremedlemmer og foresl\u00e5 godtgj\u00f8relse til styremedlemmene.<\/p>\n\n\n\n<p>Aksjon\u00e6rene har mulighet til \u00e5 fremme forslag til valgkomiteen om kandidater til styreposisjoner og andre stillinger, for eksempel ved \u00e5 kontakte lederen av valgkomiteen, styrelederen eller selskapets administrasjon.<\/p>\n\n\n\n<p>De n\u00e5v\u00e6rende medlemmene av valgkomiteen er Erling Astrup (leder), Alexander Amundsen og Jonas Gade Christensen. Posisjonene i valgkomiteen er til valg p\u00e5 den ordin\u00e6re generalforsamlingen i 2026. Ingen medlemmer av valgkomiteen er styremedlemmer eller ansatt i selskapet.<\/p>\n\n\n\n<p><strong>Styret og ledelsen<\/strong><br>Klikk <a href=\"https:\/\/scana.no\/no\/om-scana\/styret-og-ledelse\/\" data-type=\"page\" data-id=\"2947\">her<\/a> for \u00e5 l\u00e6re mer om medlemmene av v\u00e5rt styre og ledelse.<\/p>\n<\/details>\n\n\n\n<details class=\"wp-block-details is-layout-flow wp-block-details-is-layout-flow\"><summary>Ledelsesmodell<\/summary>\n<p><strong>Styrets ansvar<\/strong><\/p>\n\n\n\n<p>Selskapets vedtekter bestemmer at styret skal best\u00e5 av tre til syv medlemmer, og at disse skal velges for to\u00e5rige perioder. Norsk lov fastsetter styrets oppgaver og ansvar, som omfatter den overordnede ledelsen og kontrollen av selskapet.<\/p>\n\n\n\n<p>Sammensetningen av styret ivaretar \u00f8nsket om uavhengighet fra selskapets ledelse. Det er laget retningslinjer for styret og dets arbeid. I henhold til disse retningslinjene er styret ansvarlig for ledelsen av konsernets aktiviteter og for \u00e5 sikre at lover og forskrifter overholdes. Styrets hovedoppgaver inkluderer strategi, organisering og kontroll.<\/p>\n\n\n\n<p><strong>Revisjonskomit\u00e9<\/strong><\/p>\n\n\n\n<p>Scana ASA har en revisjonskomit\u00e9 som best\u00e5r av to medlemmer av styret: Morten Blix (leder) og Ida Lanssen Lundh (medlem). Revisjonskomiteen er uavhengig av selskapets ledelse. Minst ett av medlemmene skal ha formelle kvalifikasjoner innen regnskap eller revisjon, eller relevant erfaring og kompetanse innen samme felt. Revisjonskomiteen deltar i kvalitetssikringen av retningslinjer, policyer og andre styrende instrumenter for selskapet. Revisjonskomiteen utf\u00f8rer en kvalitativ gjennomgang av selskapets kvartals- og \u00e5rsrapporter.<\/p>\n\n\n\n<p><strong>Godtgj\u00f8relse til styret<\/strong><\/p>\n\n\n\n<p>Godtgj\u00f8relsen til styret fastsettes av generalforsamlingen, basert p\u00e5 en anbefaling fra valgkomiteen. Godtgj\u00f8relsen er ikke resultatbasert, og det utstedes ingen opsjoner til styremedlemmene.<\/p>\n<\/details>\n\n\n\n<details class=\"wp-block-details is-layout-flow wp-block-details-is-layout-flow\"><summary>Retningslinjer for l\u00f8nn og godtgj\u00f8relse<\/summary>\n<p>Disse retningslinjene er utarbeidet av styret i Scana ASA (&laquo;Styret&raquo;) i samsvar med allmennaksjeloven \u00a7 6-16a, og fastsetter rammene for godtgj\u00f8relse til styret og ledende ansatte i Scana ASA. Styret mener at retningslinjene st\u00f8tter selskapets forretningsstrategi, langsiktige interesser og finansielle b\u00e6rekraft. Retningslinjene ble vedtatt av generalforsamlingen i 2021, og gjelder frem til generalforsamlingen 22. mai 2025, hvor en revidert versjon av retningslinjene vil bli fremmet for godkjenning.<\/p>\n\n\n\n<p>Gjeldende retningslinjer for l\u00f8nn og godtgj\u00f8relse:<\/p>\n\n\n<div class='w3eden'><!-- WPDM Link Template: Default Template -->\n\n<div class=\"link-template-default card mb-2\">\n    <div class=\"card-body\">\n        <div class=\"media\">\n            <div class=\"mr-3 img-48\"><img decoding=\"async\" class=\"wpdm_icon\" alt=\"Ikon\" src=\"https:\/\/scana.no\/wp-content\/plugins\/download-manager\/assets\/file-type-icons\/pdf.svg\" \/><\/div>\n            <div class=\"media-body\">\n                <h3 class=\"package-title\"><a href='https:\/\/scana.no\/no\/download\/guidelines-for-salary-and-remuneration-2\/'>Guidelines for salary and remuneration 2025<\/a><\/h3>\n                <div class=\"text-muted text-small\"><i class=\"fas fa-copy\"><\/i> 1 fil(er) <i class=\"fas fa-hdd ml-3\"><\/i> 127.74 KB<\/div>\n            <\/div>\n            <div class=\"ml-3\">\n                <a class='wpdm-download-link btn btn-primary ' rel='nofollow' href='https:\/\/scana.no\/no\/download\/guidelines-for-salary-and-remuneration-2\/?wpdmdl=3770&refresh=69ea0c62738541776946274'>Last ned<\/a>\n            <\/div>\n        <\/div>\n    <\/div>\n<\/div>\n\n<\/div>\n\n\n\n<p>Rapporten om godtgj\u00f8relse til ledende ansatte finnes i <a href=\"https:\/\/scana.no\/no\/investors\/annual-reports\/\">\u00e5rsrapporten<\/a>.<\/p>\n<\/details>\n\n\n\n<details class=\"wp-block-details is-layout-flow wp-block-details-is-layout-flow\"><summary>Vedtekter<\/summary>\n<p>\u00a7 1 Selskapets navn er Scana ASA. Selskapet er et allmennaksjeselskap<br><br>\u00a7 2 Selskapets form\u00e5l er \u00e5 eie og drive virksomhet innen leveranse av utstyr og tjenester til maritim industri samt energivirksomhet, og alt annet som st\u00e5r i forbindelse med dette. Selskapets form\u00e5l innbefatter videre investering i andre selskaper for \u00e5 fremme selskapets virksomhet.<br><br>\u00a7 3 Selskapets forretningskontor skal v\u00e6re i Bergen kommune.<br><br>\u00a7 4 Selskapets aksjekapital er kr 461&nbsp;892 898, fordelt p\u00e5 461&nbsp;892&nbsp;898 aksjer, hver p\u00e5lydende kr 1.<br><br>\u00a7 5 Selskapets aksjer skal registreres i Verdipapirsentralen.<br><br>\u00a7 6 Selskapets styre best\u00e5r av 3-7 medlemmer som velges av generalforsamlingen for 2 \u00e5r ad gangen.<br><br>\u00a7 7 Selskapets firma tegnes av styrets formann eller daglig leder i fellesskap med ett&nbsp; styremedlem.<br><br>\u00a7 8 Generalforsamlingen skal avholdes i den kommune der selskapet har sitt forretningskontor eller Stavanger kommune, og ledes av styrets formann. Generalforsamling skal innkalles p\u00e5 en m\u00e5te og med slike tidsfrister som minst tilfredsstiller gjeldende lov og\/eller forskriftskrav. Selskapet kan i innkallingen angi en frist for p\u00e5melding som ikke m\u00e5 utl\u00f8pe tidligere enn to (2) virkedager f\u00f8r generalforsamlingen. Styret kan, f\u00f8r det er sendt innkalling til generalforsamlingen, fastsette en senere frist for meldingen.<\/p>\n\n\n\n<p>Retten til \u00e5 delta og stemme p\u00e5 generalforsamlingen kan bare ut\u00f8ves n\u00e5r ervervet er innf\u00f8rt i aksjeeierregisteret den femte (5) virkedagen f\u00f8r generalforsamlingen (registreringsdatoen).<\/p>\n\n\n\n<p>\u00a7 9 P\u00e5 den ordin\u00e6re generalforsamling skal f\u00f8lgende tema behandles og avgj\u00f8res:<br>i.Fastsettelse av resultatregnskap og balanse, herunder anvendelse av \u00e5rsoverskudd eller dekning av \u00e5rs underskudd samt utdeling av utbytte.<br>ii. Fastsettelse av konsernresultatregnskap og konsernbalanse.<br>iii. Valg av styre og styrets formann ved utl\u00f8pt funksjonstid.<br>iv. Fastsettelse av godtgj\u00f8relse til styret.<br>v. Valg av revisor dersom det foreligger forslag om dette.<br>vi. Godkjennelse av revisors godtgj\u00f8relse.<br>vii. Andre saker som i henhold til lov eller vedtekter h\u00f8rer under generalforsamlingen.<br><br>\u00a7 9 B Selskapet skal ha en valgkomit\u00e9 best\u00e5ende av minst 3 medlemmer som skal velges av generalforsamlingen. Valgkomiteen skal forberede generalforsamlingens valg av styremedlemmer, foresl\u00e5 kandidater til styreverv og anbefale st\u00f8rrelse p\u00e5 kompensasjon til styrets medlemmer til generalforsamlingen. Generalforsamlingen kan vedta instruks for valgkomiteens arbeid.<br><br>\u00a7 9 C N\u00e5r dokumenter som gjelder saker som skal behandles p\u00e5 generalforsamlingen er gjort tilgjengelige for aksjeeierne p\u00e5 selskapets internettsider, gjelder ikke lovens krav om at dokumentene skal sendes til aksjeeierne. Dette gjelder ogs\u00e5 dokumenter som etter lov skal inntas i eller vedlegges innkallingen til generalforsamlingen. En aksjeeier kan likevel kreve \u00e5 f\u00e5 tilsendt dokumenter som gjelder saker som skal behandles p\u00e5 generalforsamlingen.<\/p>\n\n\n\n<p>\u00a7 9 D Styret kan fastsette at aksjeeierne skal kunne avgi sin stemme skriftlig, herunder ved bruk av elektronisk kommunikasjon, i en periode f\u00f8r generalforsamlingen. Styret kan fastsette n\u00e6rmere retningslinjer for slik stemmegivning.<br><br>\u00a7 10 For \u00f8vrig henvises det til den til enhver tid gjeldene aksjelovgivning.<\/p>\n\n\n<div class='w3eden'><!-- WPDM Link Template: Default Template -->\n\n<div class=\"link-template-default card mb-2\">\n    <div class=\"card-body\">\n        <div class=\"media\">\n            <div class=\"mr-3 img-48\"><img decoding=\"async\" class=\"wpdm_icon\" alt=\"Ikon\" src=\"https:\/\/scana.no\/wp-content\/plugins\/download-manager\/assets\/file-type-icons\/pdf.svg\" \/><\/div>\n            <div class=\"media-body\">\n                <h3 class=\"package-title\"><a href='https:\/\/scana.no\/no\/download\/scana-asa-vedtekter\/'>Scana ASA - Vedtekter<\/a><\/h3>\n                <div class=\"text-muted text-small\"><i class=\"fas fa-copy\"><\/i> 1 fil(er) <i class=\"fas fa-hdd ml-3\"><\/i> 85.71 KB<\/div>\n            <\/div>\n            <div class=\"ml-3\">\n                <a class='wpdm-download-link btn btn-primary ' rel='nofollow' href='https:\/\/scana.no\/no\/download\/scana-asa-vedtekter\/?wpdmdl=3152&refresh=69ea0c62dd10a1776946274'>Last ned<\/a>\n            <\/div>\n        <\/div>\n    <\/div>\n<\/div>\n\n<\/div>\n<\/details>\n\n\n\n<p><br><\/p>\n\n\n\n<h2 class=\"wp-block-heading\"><strong>Revisor<\/strong><\/h2>\n\n\n\n<p>Den ordin\u00e6re generalforsamlingen velger en uavhengig ekstern revisor og fastsetter hans honorar. Revisjonsfirmaet EY er valgt som revisor for Scana. Den eksterne revisoren skal bekrefte for den ordin\u00e6re generalforsamlingen at selskapet er tilrettelagt i samsvar med gjeldende lover og forskrifter.<\/p>\n\n\n\n<p><br><\/p>\n\n\n\n<h2 class=\"wp-block-heading\"><strong>Regler for innsidehandel<\/strong><\/h2>\n\n\n\n<p>Scana har etablert retningslinjer og prinsipper for investorrelasjoner, h\u00e5ndtering av innsideinformasjon og ansattes handel i finansielle instrumenter. Dokumentene er tilgjengelige nedenfor. For ytterligere informasjon, vennligst kontakt <a>ir@scana.no<\/a> eller benytt Q&amp;A-funksjonen i Investorweb-seksjonen.<\/p>\n\n\n<div class='w3eden'><!-- WPDM Link Template: Default Template -->\n\n<div class=\"link-template-default card mb-2\">\n    <div class=\"card-body\">\n        <div class=\"media\">\n            <div class=\"mr-3 img-48\"><img decoding=\"async\" class=\"wpdm_icon\" alt=\"Ikon\" src=\"https:\/\/scana.no\/wp-content\/plugins\/download-manager\/assets\/file-type-icons\/pdf.svg\" \/><\/div>\n            <div class=\"media-body\">\n                <h3 class=\"package-title\"><a href='https:\/\/scana.no\/no\/download\/investor-relations-policy-scana-asa-no\/'>INVESTOR RELATIONS POLICY - SCANA ASA (NO)<\/a><\/h3>\n                <div class=\"text-muted text-small\"><i class=\"fas fa-copy\"><\/i> 1 fil(er) <i class=\"fas fa-hdd ml-3\"><\/i> 96.14 KB<\/div>\n            <\/div>\n            <div class=\"ml-3\">\n                <a class='wpdm-download-link btn btn-primary ' rel='nofollow' href='https:\/\/scana.no\/no\/download\/investor-relations-policy-scana-asa-no\/?wpdmdl=4592&refresh=69ea0c62e3df61776946274'>Last ned<\/a>\n            <\/div>\n        <\/div>\n    <\/div>\n<\/div>\n\n<\/div>\n\n\n<div class='w3eden'><!-- WPDM Link Template: Default Template -->\n\n<div class=\"link-template-default card mb-2\">\n    <div class=\"card-body\">\n        <div class=\"media\">\n            <div class=\"mr-3 img-48\"><img decoding=\"async\" class=\"wpdm_icon\" alt=\"Ikon\" src=\"https:\/\/scana.no\/wp-content\/plugins\/download-manager\/assets\/file-type-icons\/pdf.svg\" \/><\/div>\n            <div class=\"media-body\">\n                <h3 class=\"package-title\"><a href='https:\/\/scana.no\/no\/download\/interne-retningslinjer-for-handtering-av-innsideinformasjon-og-ansattes-handel-i-finansielle-instrumenter-utstedt-av-scana-asa\/'>Interne retningslinjer for h\u00e5ndtering av innsideinformasjon og ansattes handel i finansielle instrumenter utstedt av Scana ASA<\/a><\/h3>\n                <div class=\"text-muted text-small\"><i class=\"fas fa-copy\"><\/i> 1 fil(er) <i class=\"fas fa-hdd ml-3\"><\/i> 88.11 KB<\/div>\n            <\/div>\n            <div class=\"ml-3\">\n                <a class='wpdm-download-link btn btn-primary ' rel='nofollow' href='https:\/\/scana.no\/no\/download\/interne-retningslinjer-for-handtering-av-innsideinformasjon-og-ansattes-handel-i-finansielle-instrumenter-utstedt-av-scana-asa\/?wpdmdl=4593&refresh=69ea0c62eabd31776946274'>Last ned<\/a>\n            <\/div>\n        <\/div>\n    <\/div>\n<\/div>\n\n<\/div>\n\n\n\n<p><\/p>\n","protected":false},"excerpt":{"rendered":"<p>Morselskapet i konsernet, Scana, er et norsk selskap notert p\u00e5 Euronext Oslo B\u00f8rs. Selskapet er derfor underlagt norsk lovgivning som har etablert minimumsstandarder for prinsipper knyttet til eierstyring. Scana ASA har som m\u00e5l \u00e5 etterleve den norske anbefalingen for eierstyring og selskapsledelse tilgjengelig p\u00e5 www.nues.no. Ved \u00e5 f\u00f8lge disse anbefalingene, har selskapet som m\u00e5l \u00e5 [&hellip;]<\/p>\n","protected":false},"author":144,"featured_media":3727,"parent":2941,"menu_order":1,"comment_status":"closed","ping_status":"closed","template":"","meta":{"_acf_changed":false,"inline_featured_image":false,"footnotes":""},"class_list":["post-2945","page","type-page","status-publish","has-post-thumbnail","hentry"],"acf":[],"jetpack_sharing_enabled":true,"_links":{"self":[{"href":"https:\/\/scana.no\/no\/wp-json\/wp\/v2\/pages\/2945","targetHints":{"allow":["GET"]}}],"collection":[{"href":"https:\/\/scana.no\/no\/wp-json\/wp\/v2\/pages"}],"about":[{"href":"https:\/\/scana.no\/no\/wp-json\/wp\/v2\/types\/page"}],"author":[{"embeddable":true,"href":"https:\/\/scana.no\/no\/wp-json\/wp\/v2\/users\/144"}],"replies":[{"embeddable":true,"href":"https:\/\/scana.no\/no\/wp-json\/wp\/v2\/comments?post=2945"}],"version-history":[{"count":20,"href":"https:\/\/scana.no\/no\/wp-json\/wp\/v2\/pages\/2945\/revisions"}],"predecessor-version":[{"id":4600,"href":"https:\/\/scana.no\/no\/wp-json\/wp\/v2\/pages\/2945\/revisions\/4600"}],"up":[{"embeddable":true,"href":"https:\/\/scana.no\/no\/wp-json\/wp\/v2\/pages\/2941"}],"wp:featuredmedia":[{"embeddable":true,"href":"https:\/\/scana.no\/no\/wp-json\/wp\/v2\/media\/3727"}],"wp:attachment":[{"href":"https:\/\/scana.no\/no\/wp-json\/wp\/v2\/media?parent=2945"}],"curies":[{"name":"wp","href":"https:\/\/api.w.org\/{rel}","templated":true}]}}