{"id":2949,"date":"2021-11-04T13:28:10","date_gmt":"2021-11-04T12:28:10","guid":{"rendered":"https:\/\/scana.no\/business-area\/"},"modified":"2025-09-15T20:19:28","modified_gmt":"2025-09-15T18:19:28","slug":"business-area","status":"publish","type":"page","link":"https:\/\/scana.no\/no\/business-area\/","title":{"rendered":"Forretningsomr\u00e5der"},"content":{"rendered":"\n<h2 class=\"wp-block-heading\">Forretningsomr\u00e5der<\/h2>\n\n\n\n<p>V\u00e5re forretningsomr\u00e5der fokuserer p\u00e5 \u00e5 utvikle den sterke offshoreindustrien og det raskt voksende markedet for fornybar energi.<\/p>\n\n\n\n<p>V\u00e5re selskapers bidrag til offshoreindustrien spiller en sentral rolle i \u00e5 redusere risiko og optimalisere kundenes vedlikeholdsarbeid. Gjennom v\u00e5re tjenester muliggj\u00f8r vi \u00f8kt gjenbruk og en sirkul\u00e6r\u00f8konomi innen offshoren\u00e6ringen.<\/p>\n\n\n\n<p>Vi leverer l\u00f8sninger som tilfredsstiller samfunnets energibehov samtidig som det minimerer milj\u00f8p\u00e5virkningen<strong>.<\/strong> Gjennom kontinuerlig levering av landstr\u00f8ml\u00f8sninger, energilagringssystemer og ladeinfrastruktur til norske og internasjonale kunder er vi med p\u00e5 \u00e5 akselerere energiomstillingen.<\/p>\n\n\n\n<div class=\"wp-block-columns is-layout-flex wp-container-core-columns-is-layout-9d6595d7 wp-block-columns-is-layout-flex\">\n<div class=\"wp-block-column is-layout-flow wp-block-column-is-layout-flow\" id=\"offshore\">\n<div class=\"wp-block-cover\"><span aria-hidden=\"true\" class=\"wp-block-cover__background has-black-background-color has-background-dim\"><\/span><img loading=\"lazy\" decoding=\"async\" width=\"1920\" height=\"1080\" class=\"wp-block-cover__image-background wp-image-525\" alt=\"\" src=\"https:\/\/scana.no\/wp-content\/uploads\/2022\/03\/Scana_shutterstock_1171716115_1920x1080_web.jpg\" data-object-fit=\"cover\" srcset=\"https:\/\/scana.no\/wp-content\/uploads\/2022\/03\/Scana_shutterstock_1171716115_1920x1080_web.jpg 1920w, https:\/\/scana.no\/wp-content\/uploads\/2022\/03\/Scana_shutterstock_1171716115_1920x1080_web-300x169.jpg 300w, https:\/\/scana.no\/wp-content\/uploads\/2022\/03\/Scana_shutterstock_1171716115_1920x1080_web-1024x576.jpg 1024w, https:\/\/scana.no\/wp-content\/uploads\/2022\/03\/Scana_shutterstock_1171716115_1920x1080_web-768x432.jpg 768w, https:\/\/scana.no\/wp-content\/uploads\/2022\/03\/Scana_shutterstock_1171716115_1920x1080_web-1536x864.jpg 1536w\" sizes=\"auto, (max-width: 1920px) 100vw, 1920px\" \/><div class=\"wp-block-cover__inner-container is-layout-flow wp-block-cover-is-layout-flow\">\n<p class=\"has-text-align-center has-large-font-size\">OFFSHORE<\/p>\n<\/div><\/div>\n\n\n\n<p>Fra design og produksjon av stiger\u00f8rsapplikasjoner og spesialisert subsea-utstyr til riggservice, ISS-tjenester, fort\u00f8yningssystemer og IMR-livssyklustjenester for rigger og fart\u00f8yer, dekker v\u00e5re selskaper et bredt spekter av produkter og tjenester. Vi bidrar til \u00e5 sikre effektiv og p\u00e5litelig drift av installasjoner. I tillegg spiller selskapenes bidrag en sentral rolle i \u00e5 redusere risikoer og \u00e5 optimalisere kundenes vedlikeholdsarbeid. Gjennom v\u00e5re tjenester muliggj\u00f8r vi \u00f8kt gjenbruk i offshoren\u00e6ringen.&nbsp;<\/p>\n\n\n\n<h2 class=\"wp-block-heading\"><strong>Vi forbedrer offshoreindustrien<\/strong><\/h2>\n\n\n\n<p>V\u00e5r fremste ressurs er v\u00e5re kompetente ansatte, som vil v\u00e6re n\u00f8kkelen til utvikling av offshoreindustrien.&nbsp;Vi leverer et mangfold av teknologiske l\u00f8sninger til den globale olje- og gassindustrien og andre offshoren\u00e6ringer.<\/p>\n\n\n\n<p>Fra design og produksjon av stiger\u00f8rsapplikasjoner og spesialisert subsea-utstyr til riggservice, ISS-tjenester, fort\u00f8yningssystemer og IMR-livssyklustjenester for rigger og fart\u00f8yer, dekker v\u00e5re selskaper et bredt spekter av produkter og tjenester.<\/p>\n\n\n\n<p>Vi bidrar til \u00e5 sikre effektiv og p\u00e5litelig drift av installasjoner. I tillegg spiller selskapenes bidrag en sentral rolle i \u00e5 redusere risikoer og \u00e5 optimalisere kundenes vedlikeholdsarbeid. Gjennom v\u00e5re tjenester muliggj\u00f8r vi \u00f8kt gjenbruk i offshoren\u00e6ringen.&nbsp;<\/p>\n\n\n<div class=\"keylist\"><div class=\"keylist-header\"><h2>N\u00f8kkelprodukter og tjenester<\/h2><\/div><div class=\"keylist-content\" style=\"--fields: 5;\"><a href=\"https:\/\/subseatec.se\/products\/risers\/\" target=\"_blank\">Stiger\u00f8rskoblinger<\/a><a href=\"https:\/\/seasystems.no\/products\/mooring-solutions\/\" target=\"_blank\">Forankringsl\u00f8sninger<\/a><a href=\"https:\/\/skarpenord.no\/products\/actuators\/\" target=\"_blank\">Aktuatorer<\/a><a href=\"https:\/\/pswtechnology.no\/what-we-do\/\" target=\"_blank\">BOP, risere, vedlikehold<\/a><a href=\"https:\/\/pswsolutions.no\/services\/surface-treatment\/\" target=\"_blank\">Overflatebehandling<\/a><\/div>\n        <\/div>\n\n\n<div class=\"portfolio-companies\">\n        <div class=\"portfolio-header\">\n            <h2>Portef\u00f8ljeselskaper<\/h2>\n        <\/div>\n        <div class=\"portfolio-content\" style=\"--companies: 7;\"><a href=\"https:\/\/pswtechnology.no\/\" target=\"_blank\">\n                            <img decoding=\"async\" src=\"https:\/\/scana.no\/wp-content\/themes\/scana-v2\/assets\/img\/scana-star.svg\" \/>\n                            <p>PSW Technology<\/p>\n                        <\/a><a href=\"https:\/\/pswsolutions.no\/\" target=\"_blank\">\n                            <img decoding=\"async\" src=\"https:\/\/scana.no\/wp-content\/themes\/scana-v2\/assets\/img\/scana-star.svg\" \/>\n                            <p>PSW Solutions<\/p>\n                        <\/a><a href=\"\" target=\"_blank\">\n                            <img decoding=\"async\" src=\"https:\/\/scana.no\/wp-content\/themes\/scana-v2\/assets\/img\/scana-star.svg\" \/>\n                            <p>PSW Namibia<\/p>\n                        <\/a><a href=\"https:\/\/skarpenord.no\/\" target=\"_blank\">\n                            <img decoding=\"async\" src=\"https:\/\/scana.no\/wp-content\/themes\/scana-v2\/assets\/img\/scana-star.svg\" \/>\n                            <p>Skarpenord<\/p>\n                        <\/a><a href=\"https:\/\/subseatec.se\/\" target=\"_blank\">\n                            <img decoding=\"async\" src=\"https:\/\/scana.no\/wp-content\/themes\/scana-v2\/assets\/img\/scana-star.svg\" \/>\n                            <p>Subseatec<\/p>\n                        <\/a><a href=\"https:\/\/seasystems.no\/\" target=\"_blank\">\n                            <img decoding=\"async\" src=\"https:\/\/scana.no\/wp-content\/themes\/scana-v2\/assets\/img\/scana-star.svg\" \/>\n                            <p>Seasystems<\/p>\n                        <\/a><a href=\"https:\/\/westam.no\/\" target=\"_blank\">\n                            <img decoding=\"async\" src=\"https:\/\/scana.no\/wp-content\/themes\/scana-v2\/assets\/img\/scana-star.svg\" \/>\n                            <p>West Asset Management<\/p>\n                        <\/a><\/div>\n        <\/div>\n<\/div>\n\n\n\n<div class=\"wp-block-column is-layout-flow wp-block-column-is-layout-flow\" id=\"energy\">\n<div class=\"wp-block-cover\"><span aria-hidden=\"true\" class=\"wp-block-cover__background has-black-background-color has-background-dim\"><\/span><img loading=\"lazy\" decoding=\"async\" width=\"1024\" height=\"1024\" class=\"wp-block-cover__image-background wp-image-1233\" alt=\"\" src=\"https:\/\/scana.no\/wp-content\/uploads\/2022\/08\/BQ_applications_construction-site_m-logo-og-product-logo-edited-1024x1024.jpg\" data-object-fit=\"cover\" srcset=\"https:\/\/scana.no\/wp-content\/uploads\/2022\/08\/BQ_applications_construction-site_m-logo-og-product-logo-edited-1024x1024.jpg 1024w, https:\/\/scana.no\/wp-content\/uploads\/2022\/08\/BQ_applications_construction-site_m-logo-og-product-logo-edited-300x300.jpg 300w, https:\/\/scana.no\/wp-content\/uploads\/2022\/08\/BQ_applications_construction-site_m-logo-og-product-logo-edited-150x150.jpg 150w, https:\/\/scana.no\/wp-content\/uploads\/2022\/08\/BQ_applications_construction-site_m-logo-og-product-logo-edited-768x768.jpg 768w, https:\/\/scana.no\/wp-content\/uploads\/2022\/08\/BQ_applications_construction-site_m-logo-og-product-logo-edited-1536x1536.jpg 1536w, https:\/\/scana.no\/wp-content\/uploads\/2022\/08\/BQ_applications_construction-site_m-logo-og-product-logo-edited-2048x2048.jpg 2048w, https:\/\/scana.no\/wp-content\/uploads\/2022\/08\/BQ_applications_construction-site_m-logo-og-product-logo-edited-1980x1979.jpg 1980w\" sizes=\"auto, (max-width: 1024px) 100vw, 1024px\" \/><div class=\"wp-block-cover__inner-container is-layout-flow wp-block-cover-is-layout-flow\">\n<p class=\"has-text-align-center has-large-font-size\">ENERGY<\/p>\n<\/div><\/div>\n\n\n\n<p>Vi vil v\u00e6re en p\u00e5driver for utviklingen av nye teknologiske l\u00f8sninger og tjenester som bidrar til \u00e5 forme morgendagens energisystemer.<\/p>\n\n\n\n<h2 class=\"wp-block-heading\"><strong>V\u00e5rt bidrag til morgendagens energimiks<\/strong><\/h2>\n\n\n\n<p>Verden trenger mer b\u00e6rekraftig energi. Vi skal v\u00e6re en p\u00e5driver for utviklingen av nye teknologiske l\u00f8sninger og tjenester som bidrar til \u00e5 forme fremtidens energisystemer.<\/p>\n\n\n\n<p>Selskapet er forpliktet til \u00e5 levere kommersielle l\u00f8sninger som tilfredsstiller samfunnets energibehov samtidig som det reduserer milj\u00f8p\u00e5virkningen.&nbsp;<\/p>\n\n\n\n<p>V\u00e5rt produkt- og tjenestetilbud spenner fra design og integrasjon av elektriske kraftsystemer til elektrisk infrastruktur, energilagringssystemer og kontrollsystemer.<\/p>\n\n\n\n\n\n<div class=\"portfolio-companies\">\n        <div class=\"portfolio-header\">\n            <h2>Portef\u00f8ljeselskaper<\/h2>\n        <\/div>\n        <div class=\"portfolio-content\" style=\"--companies: 1;\"><a href=\"https:\/\/pswpower.no\/\" target=\"_blank\">\n                            <img decoding=\"async\" src=\"https:\/\/scana.no\/wp-content\/themes\/scana-v2\/assets\/img\/scana-star.svg\" \/>\n                            <p>PSW Power &#038; Automation<\/p>\n                        <\/a><\/div>\n        <\/div>\n<\/div>\n<\/div>\n","protected":false},"excerpt":{"rendered":"<p>Forretningsomr\u00e5der V\u00e5re forretningsomr\u00e5der fokuserer p\u00e5 \u00e5 utvikle den sterke offshoreindustrien og det raskt voksende markedet for fornybar energi. V\u00e5re selskapers bidrag til offshoreindustrien spiller en sentral rolle i \u00e5 redusere risiko og optimalisere kundenes vedlikeholdsarbeid. Gjennom v\u00e5re tjenester muliggj\u00f8r vi \u00f8kt gjenbruk og en sirkul\u00e6r\u00f8konomi innen offshoren\u00e6ringen. Vi leverer l\u00f8sninger som tilfredsstiller samfunnets energibehov samtidig [&hellip;]<\/p>\n","protected":false},"author":1,"featured_media":2878,"parent":0,"menu_order":2,"comment_status":"closed","ping_status":"closed","template":"templates\/business-areas-template.php","meta":{"_acf_changed":false,"inline_featured_image":false,"footnotes":""},"class_list":["post-2949","page","type-page","status-publish","has-post-thumbnail","hentry"],"acf":[],"jetpack_sharing_enabled":true,"_links":{"self":[{"href":"https:\/\/scana.no\/no\/wp-json\/wp\/v2\/pages\/2949","targetHints":{"allow":["GET"]}}],"collection":[{"href":"https:\/\/scana.no\/no\/wp-json\/wp\/v2\/pages"}],"about":[{"href":"https:\/\/scana.no\/no\/wp-json\/wp\/v2\/types\/page"}],"author":[{"embeddable":true,"href":"https:\/\/scana.no\/no\/wp-json\/wp\/v2\/users\/1"}],"replies":[{"embeddable":true,"href":"https:\/\/scana.no\/no\/wp-json\/wp\/v2\/comments?post=2949"}],"version-history":[{"count":9,"href":"https:\/\/scana.no\/no\/wp-json\/wp\/v2\/pages\/2949\/revisions"}],"predecessor-version":[{"id":4334,"href":"https:\/\/scana.no\/no\/wp-json\/wp\/v2\/pages\/2949\/revisions\/4334"}],"wp:featuredmedia":[{"embeddable":true,"href":"https:\/\/scana.no\/no\/wp-json\/wp\/v2\/media\/2878"}],"wp:attachment":[{"href":"https:\/\/scana.no\/no\/wp-json\/wp\/v2\/media?parent=2949"}],"curies":[{"name":"wp","href":"https:\/\/api.w.org\/{rel}","templated":true}]}}