{"id":2954,"date":"2022-03-15T13:08:10","date_gmt":"2022-03-15T12:08:10","guid":{"rendered":"https:\/\/scana.no\/investors\/"},"modified":"2026-04-10T14:24:54","modified_gmt":"2026-04-10T12:24:54","slug":"investors","status":"publish","type":"page","link":"https:\/\/scana.no\/no\/investors\/","title":{"rendered":"Investorer"},"content":{"rendered":"\n<div class=\"wp-block-columns why_invest_container is-layout-flex wp-container-core-columns-is-layout-9d6595d7 wp-block-columns-is-layout-flex\">\n<div class=\"wp-block-column is-layout-flow wp-block-column-is-layout-flow\">\n<h2 class=\"wp-block-heading\"><strong>Hvorfor investere i Scana<\/strong><\/h2>\n\n\n\n<ul class=\"wp-block-list\">\n<li>Konkurransefortrinn fra mer enn 100 \u00e5r med industrihistorie og nesten 30 \u00e5rs erfaring p\u00e5 Euronext Oslo B\u00f8rs.<\/li>\n\n\n\n<li>Sterk finansiell posisjon.<\/li>\n\n\n\n<li>L\u00f8nnsom vekst fra unike portef\u00f8ljeselskaper.<\/li>\n\n\n\n<li>Portef\u00f8ljen er eksponert mot offshore-, elektrifisering- og fornybarenergimarkeder, posisjonert for \u00e5 forme morgendagens l\u00f8sninger.<\/li>\n\n\n\n<li>Langsiktig perspektiv for organisk vekst, med muligheter for \u00e5 utnytte M&amp;A-muligheter og justere portef\u00f8ljen over tid for \u00e5 sikre optimal kapitalallokering.<\/li>\n<\/ul>\n\n\n\n<p class=\"btn-link\"><a href=\"https:\/\/tools.euroland.com\/factsheet\/n-sci\/factsheethtml.asp?lang=english\" data-type=\"page\" data-id=\"200\" target=\"_blank\" rel=\"noreferrer noopener\">Se v\u00e5r daglig oppdaterte selskapsinformasjon.(ENG)<\/a><\/p>\n<\/div>\n\n\n\n<div class=\"wp-block-column is-layout-flow wp-block-column-is-layout-flow\"><div class=\"col-right company_details_container\"><div class=\"figure\">\n            <img decoding=\"async\" src=\"https:\/\/scana.no\/wp-content\/themes\/scana-v2\/assets\/img\/employees-icon.svg\" alt=\"Ansatte\">\n            <span>\n                <p>Rundt<\/p>\n                <p><strong>500<\/strong><\/p>\n                <p>ansatte<\/p>\n            <\/span>\n        <\/div><div class=\"figure\">\n            <img decoding=\"async\" src=\"https:\/\/scana.no\/wp-content\/themes\/scana-v2\/assets\/img\/portfolio-icon.svg\" alt=\"Portef\u00f8lgje Firma\">\n            <span>\n                <strong>8<\/strong><br \/>portef\u00f8lje<br \/>ansatte\n            <\/span>\n        <\/div><div class=\"figure\">\n            <img decoding=\"async\" src=\"https:\/\/scana.no\/wp-content\/themes\/scana-v2\/assets\/img\/history-icon.svg\" alt=\"Historie\">\n            <span>\n                <p>Mer enn<\/p>\n                <p><strong>100<\/strong><\/p>\n                <p>\u00c5rs historie<\/p>\n            <\/span>\n        <\/div><\/div>\n<\/div>\n<\/div>\n\n\n\n<div class=\"wp-block-columns articles_container is-layout-flex wp-container-core-columns-is-layout-9d6595d7 wp-block-columns-is-layout-flex\">\n<div class=\"wp-block-column is-layout-flow wp-block-column-is-layout-flow\">\n<figure class=\"wp-block-image size-full\"><a href=\"https:\/\/scana.no\/no\/investors\/quarterly-reports\/?latest\"><img decoding=\"async\" src=\"https:\/\/scana.no\/wp-content\/uploads\/2024\/08\/an-active.png\" alt=\"\" class=\"wp-image-2560\"\/><\/a><\/figure>\n\n\n\n<h3 class=\"wp-block-heading\"><a href=\"https:\/\/scana.no\/no\/investors\/quarterly-reports\/?latest\" data-type=\"page\" data-id=\"396\">Siste kvartalsrapport<\/a><\/h3>\n<\/div>\n\n\n\n<div class=\"wp-block-column is-layout-flow wp-block-column-is-layout-flow\">\n<figure class=\"wp-block-image size-full\"><a href=\"https:\/\/scana.no\/no\/investors\/general-meetings\/\"><img decoding=\"async\" src=\"https:\/\/scana.no\/wp-content\/uploads\/2024\/08\/pc_monitors.png\" alt=\"\" class=\"wp-image-2561\"\/><\/a><\/figure>\n\n\n\n<h3 class=\"wp-block-heading\"><a href=\"https:\/\/scana.no\/no\/investors\/general-meetings\/\" data-type=\"link\" data-id=\"https:\/\/scana.no\/no\/investors\/general-meetings\/\">Generalforsamling<\/a><\/h3>\n<\/div>\n\n\n\n<div class=\"wp-block-column is-layout-flow wp-block-column-is-layout-flow\">\n<figure class=\"wp-block-image size-full\"><a href=\"\/no\/?page_id=2956\"><img decoding=\"async\" src=\"https:\/\/scana.no\/wp-content\/uploads\/2024\/08\/hand.png\" alt=\"\" class=\"wp-image-2562\"\/><\/a><\/figure>\n\n\n\n<h3 class=\"wp-block-heading\"><a href=\"https:\/\/scana.no\/no\/investorweb\/#Scana\/share\/data\" data-type=\"page\" data-id=\"374\">Aksjer og aksjon\u00e6rer<\/a><\/h3>\n<\/div>\n<\/div>\n\n\n\n<div class=\"wp-block-columns key_figures_container is-layout-flex wp-container-core-columns-is-layout-9d6595d7 wp-block-columns-is-layout-flex\">\n<div class=\"wp-block-column is-layout-flow wp-block-column-is-layout-flow\">\n<h2 class=\"wp-block-heading\">N\u00f8kkeltall Q2 2025<\/h2>\n\n\n\n<div class=\"wp-block-columns is-layout-flex wp-container-core-columns-is-layout-9d6595d7 wp-block-columns-is-layout-flex\">\n<div class=\"wp-block-column is-vertically-aligned-bottom is-layout-flow wp-block-column-is-layout-flow\"><div class=\"wp-block-image\">\n<figure class=\"aligncenter size-large is-resized\"><img decoding=\"async\" src=\"\/wp-content\/themes\/scana-v2\/assets\/img\/history-icon-white.svg\" alt=\"\" style=\"width:113px;height:auto\"\/><\/figure>\n<\/div>\n\n\n<p class=\"has-text-align-center\">OMSETNING<br><strong>396<\/strong><br>MNOK<\/p>\n<\/div>\n\n\n\n<div class=\"wp-block-column is-vertically-aligned-bottom is-layout-flow wp-block-column-is-layout-flow\"><div class=\"wp-block-image\">\n<figure class=\"aligncenter size-large is-resized\"><img decoding=\"async\" src=\"\/wp-content\/themes\/scana-v2\/assets\/img\/calculator-solid.svg\" alt=\"\" style=\"width:81px;height:auto\"\/><\/figure>\n<\/div>\n\n\n<p class=\"has-text-align-center\">EBITDA<br><strong>8<\/strong><br>MNOK<\/p>\n<\/div>\n\n\n\n<div class=\"wp-block-column is-vertically-aligned-bottom is-layout-flow wp-block-column-is-layout-flow\"><div class=\"wp-block-image\">\n<figure class=\"aligncenter size-large is-resized\"><img decoding=\"async\" src=\"\/wp-content\/themes\/scana-v2\/assets\/img\/money-bill-transfer-regular.svg\" alt=\"\" style=\"width:130px;height:auto\"\/><\/figure>\n<\/div>\n\n\n<p class=\"has-text-align-center\">ORDREINNGANG<br><strong>403<\/strong><br>MNOK<\/p>\n<\/div>\n\n\n\n<div class=\"wp-block-column is-vertically-aligned-bottom is-layout-flow wp-block-column-is-layout-flow\"><div class=\"wp-block-image\">\n<figure class=\"aligncenter size-large is-resized\"><img decoding=\"async\" src=\"\/wp-content\/themes\/scana-v2\/assets\/img\/boxes-stacked-sharp-solid.svg\" alt=\"\" style=\"width:104px;height:auto\"\/><\/figure>\n<\/div>\n\n\n<p class=\"has-text-align-center\">ORDREBEHOLDNING<br><strong>1174<\/strong><br>MNOK<\/p>\n<\/div>\n<\/div>\n<\/div>\n<\/div>\n\n\n\n<div class=\"wp-block-columns stock_wrapper_container is-layout-flex wp-container-core-columns-is-layout-9d6595d7 wp-block-columns-is-layout-flex\">\n<div class=\"wp-block-column share_price_container is-layout-flow wp-block-column-is-layout-flow\">\n<h2 class=\"wp-block-heading\">Aksjepris<\/h2>\n\n\n<div class=\"stock-price\"><div class=\"stock-price-header\">\n            <h2>Scana ASA.: NO0003053308<\/h2>\n        <\/div>\n        <div class=\"stock-price-content\">\n            <div class=\"price-point\">\n                <h2 class=\"price-point-header\">Siste<\/h2>\n                <p class=\"price-point-value\">1.42<\/p>\n            <\/div>\n            <div class=\"change-volumne-container\">\n                <div class=\"price-change\"><?xml version=\"1.0\"?>\n<svg xmlns=\"http:\/\/www.w3.org\/2000\/svg\" viewBox=\"0 0 384 512\" class=\"change-positive\"><!--!Font Awesome Pro 6.6.0 by @fontawesome - https:\/\/fontawesome.com License - https:\/\/fontawesome.com\/license (Commercial License) Copyright 2024 Fonticons, Inc.--><path d=\"M203.3 44.7L192 33.4 180.7 44.7l-168 168L1.4 224 24 246.6l11.3-11.3L176 94.6 176 464l0 16 32 0 0-16 0-369.4L348.7 235.3 360 246.6 382.6 224l-11.3-11.3-168-168z\"\/><\/svg>\n<h2>Endring<\/h2>\n                    <p>\n                        0.03<br \/>\n                        1.79 %\n                    <\/p>\n                <\/div>\n                <div class=\"price-volume\">\n                    <h2>Volume<\/h2>\n                    <p>360,989<\/p>\n                <\/div>\n            <\/div>\n        <\/div>\n        <div class=\"stock-price-footer\">\n            <span>\n                Sist oppdatert \n                <span class=\"long-sentence\">09\/04\/2026,<\/span> \n                16:25:05.\n            <\/span>\n            <span>\n                <span class=\"long-sentence\">Alle figurer presentert i<\/span>\n                <span class=\"short-sentence\">Figurer i<\/span> \n                NOK.\n            <\/span>\n        <\/div><\/div>\n<\/div>\n\n\n\n<div class=\"wp-block-column stock_exchange_container is-layout-flow wp-block-column-is-layout-flow\">\n<h2 class=\"wp-block-heading\">B\u00f8rsmeldinger<\/h2>\n\n\n<div class=\"stock-exchange\"><a href=\"https:\/\/scana.no\/no\/news\/scana-asa-arsrapport-2025\/\" class=\"stock-exchange-card\">\n                <div class=\"stock-exchange-card-wrapper\">\n                    <div class=\"stock-exchange-card-content\">\n                        <p class=\"stock-exchange-date\">april 23, 2026<\/p>\n                        <h4 class=\"stock-exchange-title\">Scana ASA &#8211; \u00c5rsrapport 2025<\/h4>\n                    <\/div>\n                <\/div>\n            <\/a><a href=\"https:\/\/scana.no\/no\/news\/scana-selskap-signerer-tidligere-tildelt-kontrakt-for-megawatt-charging-system\/\" class=\"stock-exchange-card\">\n                <div class=\"stock-exchange-card-wrapper\">\n                    <div class=\"stock-exchange-card-content\">\n                        <p class=\"stock-exchange-date\">mars 27, 2026<\/p>\n                        <h4 class=\"stock-exchange-title\">Scana-selskap signerer tidligere tildelt kontrakt for Megawatt Charging System<\/h4>\n                    <\/div>\n                <\/div>\n            <\/a><\/div>\n\n\n\n<p class=\"btn-link\"><a href=\"https:\/\/scana.no\/no\/investors\/stock-exchange-notices\/\" data-type=\"page\" data-id=\"392\">Les mer<\/a><\/p>\n<\/div>\n<\/div>\n\n\n\n","protected":false},"excerpt":{"rendered":"<p>Hvorfor investere i Scana Se v\u00e5r daglig oppdaterte selskapsinformasjon.(ENG) Siste kvartalsrapport Generalforsamling Aksjer og aksjon\u00e6rer N\u00f8kkeltall Q2 2025 OMSETNING396MNOK EBITDA8MNOK ORDREINNGANG403MNOK ORDREBEHOLDNING1174MNOK Aksjepris B\u00f8rsmeldinger Les mer<\/p>\n","protected":false},"author":1,"featured_media":2921,"parent":0,"menu_order":3,"comment_status":"closed","ping_status":"closed","template":"","meta":{"_acf_changed":false,"inline_featured_image":false,"footnotes":""},"class_list":["post-2954","page","type-page","status-publish","has-post-thumbnail","hentry"],"acf":[],"jetpack_sharing_enabled":true,"_links":{"self":[{"href":"https:\/\/scana.no\/no\/wp-json\/wp\/v2\/pages\/2954","targetHints":{"allow":["GET"]}}],"collection":[{"href":"https:\/\/scana.no\/no\/wp-json\/wp\/v2\/pages"}],"about":[{"href":"https:\/\/scana.no\/no\/wp-json\/wp\/v2\/types\/page"}],"author":[{"embeddable":true,"href":"https:\/\/scana.no\/no\/wp-json\/wp\/v2\/users\/1"}],"replies":[{"embeddable":true,"href":"https:\/\/scana.no\/no\/wp-json\/wp\/v2\/comments?post=2954"}],"version-history":[{"count":26,"href":"https:\/\/scana.no\/no\/wp-json\/wp\/v2\/pages\/2954\/revisions"}],"predecessor-version":[{"id":4619,"href":"https:\/\/scana.no\/no\/wp-json\/wp\/v2\/pages\/2954\/revisions\/4619"}],"wp:featuredmedia":[{"embeddable":true,"href":"https:\/\/scana.no\/no\/wp-json\/wp\/v2\/media\/2921"}],"wp:attachment":[{"href":"https:\/\/scana.no\/no\/wp-json\/wp\/v2\/media?parent=2954"}],"curies":[{"name":"wp","href":"https:\/\/api.w.org\/{rel}","templated":true}]}}