{"id":2974,"date":"2022-03-23T15:03:10","date_gmt":"2022-03-23T14:03:10","guid":{"rendered":"https:\/\/scana.no\/investors\/general-meetings\/"},"modified":"2025-09-15T20:27:10","modified_gmt":"2025-09-15T18:27:10","slug":"general-meetings","status":"publish","type":"page","link":"https:\/\/scana.no\/no\/investors\/general-meetings\/","title":{"rendered":"Generalforsamlinger"},"content":{"rendered":"\n<div class=\"wp-block-group\"><div class=\"wp-block-group__inner-container is-layout-constrained wp-block-group-is-layout-constrained\">\n<p>All informasjon relatert til generalforsamlingene er tilgjengelig p\u00e5 Scanas nettside. <\/p>\n\n\n\n<p>En elektronisk eller fysisk henvendelse vil bli sendt til alle aksjon\u00e6rer p\u00e5 forh\u00e5nd. <\/p>\n\n\n\n<p>For mer informasjon, vennligst kontakt:<br><strong><br>Stian Vikeb\u00f8<\/strong><br>General Counsel<br><br><a href=\"mailto:kjetil.flesja@incusinvestor.com\">ir@scana.no<\/a><\/p>\n<\/div><\/div>\n","protected":false},"excerpt":{"rendered":"<p>All informasjon relatert til generalforsamlingene er tilgjengelig p\u00e5 Scanas nettside. En elektronisk eller fysisk henvendelse vil bli sendt til alle aksjon\u00e6rer p\u00e5 forh\u00e5nd. For mer informasjon, vennligst kontakt:Stian Vikeb\u00f8General Counsel ir@scana.no<\/p>\n","protected":false},"author":144,"featured_media":0,"parent":2954,"menu_order":10,"comment_status":"closed","ping_status":"closed","template":"","meta":{"_acf_changed":false,"inline_featured_image":false,"footnotes":""},"class_list":["post-2974","page","type-page","status-publish","hentry"],"acf":[],"jetpack_sharing_enabled":true,"_links":{"self":[{"href":"https:\/\/scana.no\/no\/wp-json\/wp\/v2\/pages\/2974","targetHints":{"allow":["GET"]}}],"collection":[{"href":"https:\/\/scana.no\/no\/wp-json\/wp\/v2\/pages"}],"about":[{"href":"https:\/\/scana.no\/no\/wp-json\/wp\/v2\/types\/page"}],"author":[{"embeddable":true,"href":"https:\/\/scana.no\/no\/wp-json\/wp\/v2\/users\/144"}],"replies":[{"embeddable":true,"href":"https:\/\/scana.no\/no\/wp-json\/wp\/v2\/comments?post=2974"}],"version-history":[{"count":7,"href":"https:\/\/scana.no\/no\/wp-json\/wp\/v2\/pages\/2974\/revisions"}],"predecessor-version":[{"id":4341,"href":"https:\/\/scana.no\/no\/wp-json\/wp\/v2\/pages\/2974\/revisions\/4341"}],"up":[{"embeddable":true,"href":"https:\/\/scana.no\/no\/wp-json\/wp\/v2\/pages\/2954"}],"wp:attachment":[{"href":"https:\/\/scana.no\/no\/wp-json\/wp\/v2\/media?parent=2974"}],"curies":[{"name":"wp","href":"https:\/\/api.w.org\/{rel}","templated":true}]}}