{"id":2982,"date":"2022-03-16T09:52:22","date_gmt":"2022-03-16T08:52:22","guid":{"rendered":"https:\/\/scana.no\/sustainability\/"},"modified":"2025-09-15T20:29:16","modified_gmt":"2025-09-15T18:29:16","slug":"sustainability","status":"publish","type":"page","link":"https:\/\/scana.no\/no\/sustainability\/","title":{"rendered":"B\u00e6rekraft"},"content":{"rendered":"\n<h2 class=\"wp-block-heading\"><strong>V\u00e5rt b\u00e6rekraftsansvar<\/strong><\/h2>\n\n\n\n<p>I september 2015 samlet 193 land seg for \u00e5 ratifisere 17 b\u00e6rekraftsm\u00e5l (SDGer) som skal fungere som en veikart mot en mer b\u00e6rekraftig fremtid. Scana bruker aktivt dette rammeverket for \u00e5 fremme v\u00e5r forpliktelse til en b\u00e6rekraftig planet. For tiden har Scana og v\u00e5re portef\u00f8ljeselskaper valgt ut fire spesifikke m\u00e5l som skal veilede v\u00e5rt daglige arbeid.<\/p>\n\n\n\n<p>Som et globalt selskap prioriterer vi \u00e5penhet og p\u00e5litelighet, og vi overholder alltid internasjonale avtaler og lokale forskrifter der vi opererer. V\u00e5r innsats er ytterligere drevet av et engasjement for \u00e5 l\u00f8se noen av verdens mest presserende utfordringer.<\/p>\n\n\n\n<figure class=\"wp-block-image size-large full-width sustainbility-wide\"><img decoding=\"async\" src=\"https:\/\/scana.no\/wp-content\/uploads\/2024\/08\/Scana-ReachingZero_illu_web-1024x281.jpg\" alt=\"\" class=\"wp-image-2632\" \/><\/figure>\n\n\n\n<div class=\"wp-block-columns scana_videos is-layout-flex wp-container-core-columns-is-layout-9d6595d7 wp-block-columns-is-layout-flex\">\n<div class=\"wp-block-column is-layout-flow wp-block-column-is-layout-flow\">\n<h3 class=\"wp-block-heading\">Seasystems fortsetter s\u00f8ken etter b\u00e6rekraft<\/h3>\n\n\n\n<figure class=\"wp-block-embed is-type-video is-provider-youtube wp-block-embed-youtube wp-embed-aspect-16-9 wp-has-aspect-ratio\"><div class=\"wp-block-embed__wrapper\">\n<iframe loading=\"lazy\"  id=\"_ytid_67810\"  width=\"580\" height=\"326\"  data-origwidth=\"580\" data-origheight=\"326\"  data-relstop=\"1\" src=\"https:\/\/www.youtube.com\/embed\/IiaR-JUPtsQ?enablejsapi=1&#038;autoplay=0&#038;cc_load_policy=0&#038;cc_lang_pref=&#038;iv_load_policy=1&#038;loop=0&#038;rel=0&#038;fs=1&#038;playsinline=0&#038;autohide=2&#038;theme=dark&#038;color=red&#038;controls=1&#038;disablekb=0&#038;\" class=\"__youtube_prefs__  epyt-is-override  no-lazyload\" title=\"YouTube player\"  allow=\"fullscreen; accelerometer; autoplay; clipboard-write; encrypted-media; gyroscope; picture-in-picture; web-share\" referrerpolicy=\"strict-origin-when-cross-origin\" allowfullscreen data-no-lazy=\"1\" data-skipgform_ajax_framebjll=\"\"><\/iframe>\n<\/div><\/figure>\n<\/div>\n\n\n\n<div class=\"wp-block-column is-layout-flow wp-block-column-is-layout-flow\">\n<h3 class=\"wp-block-heading\">Fra s\u00f8ppel til skatt av Subseatec<\/h3>\n\n\n\n<figure class=\"wp-block-embed is-type-video is-provider-youtube wp-block-embed-youtube wp-embed-aspect-16-9 wp-has-aspect-ratio\"><div class=\"wp-block-embed__wrapper\">\n<iframe loading=\"lazy\"  id=\"_ytid_32216\"  width=\"580\" height=\"326\"  data-origwidth=\"580\" data-origheight=\"326\"  data-relstop=\"1\" src=\"https:\/\/www.youtube.com\/embed\/rlcxzk0lavc?enablejsapi=1&#038;autoplay=0&#038;cc_load_policy=0&#038;cc_lang_pref=&#038;iv_load_policy=1&#038;loop=0&#038;rel=0&#038;fs=1&#038;playsinline=0&#038;autohide=2&#038;theme=dark&#038;color=red&#038;controls=1&#038;disablekb=0&#038;\" class=\"__youtube_prefs__  epyt-is-override  no-lazyload\" title=\"YouTube player\"  allow=\"fullscreen; accelerometer; autoplay; clipboard-write; encrypted-media; gyroscope; picture-in-picture; web-share\" referrerpolicy=\"strict-origin-when-cross-origin\" allowfullscreen data-no-lazy=\"1\" data-skipgform_ajax_framebjll=\"\"><\/iframe>\n<\/div><\/figure>\n<\/div>\n<\/div>\n\n\n\n<h2 class=\"wp-block-heading\">Scanas prioriterte b\u00e6rekraftsm\u00e5l<\/h2>\n\n\n\n<div class=\"wp-block-columns prioritised_sdgs_container is-layout-flex wp-container-core-columns-is-layout-9d6595d7 wp-block-columns-is-layout-flex\">\n<div class=\"wp-block-column is-layout-flow wp-block-column-is-layout-flow\">\n<div class=\"wp-block-columns is-layout-flex wp-container-core-columns-is-layout-9d6595d7 wp-block-columns-is-layout-flex\">\n<div class=\"wp-block-column is-layout-flow wp-block-column-is-layout-flow\">\n<figure class=\"wp-block-image size-full is-resized\"><img loading=\"lazy\" decoding=\"async\" width=\"900\" height=\"900\" src=\"https:\/\/scana.no\/wp-content\/uploads\/2024\/10\/mal-5-bokmal.png\" alt=\"\" class=\"wp-image-3253\" style=\"width:333px\" srcset=\"https:\/\/scana.no\/wp-content\/uploads\/2024\/10\/mal-5-bokmal.png 900w, https:\/\/scana.no\/wp-content\/uploads\/2024\/10\/mal-5-bokmal-300x300.png 300w, https:\/\/scana.no\/wp-content\/uploads\/2024\/10\/mal-5-bokmal-150x150.png 150w, https:\/\/scana.no\/wp-content\/uploads\/2024\/10\/mal-5-bokmal-768x768.png 768w\" sizes=\"auto, (max-width: 900px) 100vw, 900px\" \/><\/figure>\n<\/div>\n\n\n\n<div class=\"wp-block-column is-layout-flow wp-block-column-is-layout-flow\">\n<ul class=\"wp-block-list\">\n<li>Sterkt fokus p\u00e5 kj\u00f8nnsbalanse og forebygging av all form for diskriminering.<\/li>\n\n\n\n<li>Nulltoleransepolitikk mot diskriminering og vold, inkludert i v\u00e5re etiske retningslinjer.<\/li>\n\n\n\n<li>Aktivt s\u00f8ke kj\u00f8nnsbalanse ved ansettelse av begge kj\u00f8nn.<\/li>\n\n\n\n<li>Like rettigheter til svangerskaps-\/pappapermisjon. <\/li>\n\n\n\n<li>Policy om lik l\u00f8nn for likt arbeid<\/li>\n<\/ul>\n<\/div>\n<\/div>\n<\/div>\n<\/div>\n\n\n\n<div class=\"wp-block-columns prioritised_sdgs_container is-layout-flex wp-container-core-columns-is-layout-9d6595d7 wp-block-columns-is-layout-flex\">\n<div class=\"wp-block-column is-layout-flow wp-block-column-is-layout-flow\">\n<div class=\"wp-block-columns is-layout-flex wp-container-core-columns-is-layout-9d6595d7 wp-block-columns-is-layout-flex\">\n<div class=\"wp-block-column is-layout-flow wp-block-column-is-layout-flow\">\n<figure class=\"wp-block-image size-full is-resized\"><img loading=\"lazy\" decoding=\"async\" width=\"900\" height=\"900\" src=\"https:\/\/scana.no\/wp-content\/uploads\/2024\/10\/mal-8-bokmal.png\" alt=\"\" class=\"wp-image-3255\" style=\"width:333px\" srcset=\"https:\/\/scana.no\/wp-content\/uploads\/2024\/10\/mal-8-bokmal.png 900w, https:\/\/scana.no\/wp-content\/uploads\/2024\/10\/mal-8-bokmal-300x300.png 300w, https:\/\/scana.no\/wp-content\/uploads\/2024\/10\/mal-8-bokmal-150x150.png 150w, https:\/\/scana.no\/wp-content\/uploads\/2024\/10\/mal-8-bokmal-768x768.png 768w\" sizes=\"auto, (max-width: 900px) 100vw, 900px\" \/><\/figure>\n<\/div>\n\n\n\n<div class=\"wp-block-column is-layout-flow wp-block-column-is-layout-flow\">\n<ul class=\"wp-block-list\">\n<li>V\u00e5re selskaper utvikles p\u00e5 en stabil og l\u00f8nnsom m\u00e5te, basert p\u00e5 de h\u00f8yeste etiske standarder.<\/li>\n\n\n\n<li>Dokumentasjon p\u00e5 lik l\u00f8nn for arbeid av lik verdi.<\/li>\n\n\n\n<li>Etablere en mangfoldig arbeidsstyrke med like muligheter for kvinner, menn, unge og personer med funksjonsnedsettelser.<\/li>\n<\/ul>\n<\/div>\n<\/div>\n<\/div>\n<\/div>\n\n\n\n<div class=\"wp-block-columns prioritised_sdgs_container is-layout-flex wp-container-core-columns-is-layout-9d6595d7 wp-block-columns-is-layout-flex\">\n<div class=\"wp-block-column is-layout-flow wp-block-column-is-layout-flow\">\n<div class=\"wp-block-columns is-layout-flex wp-container-core-columns-is-layout-9d6595d7 wp-block-columns-is-layout-flex\">\n<div class=\"wp-block-column is-layout-flow wp-block-column-is-layout-flow\">\n<figure class=\"wp-block-image size-full is-resized\"><img loading=\"lazy\" decoding=\"async\" width=\"900\" height=\"900\" src=\"https:\/\/scana.no\/wp-content\/uploads\/2024\/10\/mal-12-bokmal.png\" alt=\"\" class=\"wp-image-3257\" style=\"width:333px\" srcset=\"https:\/\/scana.no\/wp-content\/uploads\/2024\/10\/mal-12-bokmal.png 900w, https:\/\/scana.no\/wp-content\/uploads\/2024\/10\/mal-12-bokmal-300x300.png 300w, https:\/\/scana.no\/wp-content\/uploads\/2024\/10\/mal-12-bokmal-150x150.png 150w, https:\/\/scana.no\/wp-content\/uploads\/2024\/10\/mal-12-bokmal-768x768.png 768w\" sizes=\"auto, (max-width: 900px) 100vw, 900px\" \/><\/figure>\n<\/div>\n\n\n\n<div class=\"wp-block-column is-layout-flow wp-block-column-is-layout-flow\">\n<ul class=\"wp-block-list\">\n<li>Fokus p\u00e5 \u00e5 redusere avfall og sette m\u00e5l for energiforvaltning.<\/li>\n\n\n\n<li>Implementere b\u00e6rekraftige praksiser i hele selskapet og integrere b\u00e6rekraftinformasjon i rapporteringssyklusen.<\/li>\n\n\n\n<li>Bruke fornybare energikilder i produksjonen og prioritere bruk av slike kilder i v\u00e5re verdikjeder.<\/li>\n\n\n\n<li>Alt st\u00e5l som brukes av v\u00e5rt portef\u00f8ljeselskap Subseatec er resirkulert. H\u00f8ykvalitetsprodukter gir lengre produktlevetid, noe som forlenger levetiden p\u00e5 kundens utstyr.<\/li>\n<\/ul>\n<\/div>\n<\/div>\n<\/div>\n<\/div>\n\n\n\n<div class=\"wp-block-columns prioritised_sdgs_container is-layout-flex wp-container-core-columns-is-layout-9d6595d7 wp-block-columns-is-layout-flex\">\n<div class=\"wp-block-column is-layout-flow wp-block-column-is-layout-flow\">\n<div class=\"wp-block-columns is-layout-flex wp-container-core-columns-is-layout-9d6595d7 wp-block-columns-is-layout-flex\">\n<div class=\"wp-block-column is-layout-flow wp-block-column-is-layout-flow\">\n<figure class=\"wp-block-image size-full is-resized\"><img loading=\"lazy\" decoding=\"async\" width=\"900\" height=\"900\" src=\"https:\/\/scana.no\/wp-content\/uploads\/2024\/10\/mal-13-bokmal.png\" alt=\"\" class=\"wp-image-3259\" style=\"width:333px\" srcset=\"https:\/\/scana.no\/wp-content\/uploads\/2024\/10\/mal-13-bokmal.png 900w, https:\/\/scana.no\/wp-content\/uploads\/2024\/10\/mal-13-bokmal-300x300.png 300w, https:\/\/scana.no\/wp-content\/uploads\/2024\/10\/mal-13-bokmal-150x150.png 150w, https:\/\/scana.no\/wp-content\/uploads\/2024\/10\/mal-13-bokmal-768x768.png 768w\" sizes=\"auto, (max-width: 900px) 100vw, 900px\" \/><\/figure>\n<\/div>\n\n\n\n<div class=\"wp-block-column is-layout-flow wp-block-column-is-layout-flow\">\n<ul class=\"wp-block-list\">\n<li>Scanas ingeni\u00f8ravdelinger fokuserer daglig p\u00e5 b\u00e6rekraftige l\u00f8sninger.<\/li>\n\n\n\n<li>Vi streber etter \u00e5 oppn\u00e5 en sirkul\u00e6r produksjon ved alle v\u00e5re anlegg.<\/li>\n\n\n\n<li>V\u00e5re selskaper jobber aktivt for \u00e5 begrense utslipp, avfall til deponi og andre negative milj\u00f8p\u00e5virkninger.<\/li>\n\n\n\n<li>Solcellepaneler samler inn ren, fornybar energi fra sollys og konverterer denne til elektrisitet, som brukes til \u00e5 forsyne elektriske belastninger. PSW Power &amp; Automation, PSW Technology og PSW Solutions har installert solcellepanel for \u00e5 tilby ren energi ved sine produksjonssteder. I tillegg tilbyr PSW Power &amp; Automation energilagring og solkraftl\u00f8sninger til sine kunder.<\/li>\n<\/ul>\n<\/div>\n<\/div>\n<\/div>\n<\/div>\n\n\n\n<div class=\"wp-block-columns scana_posters is-layout-flex wp-container-core-columns-is-layout-9d6595d7 wp-block-columns-is-layout-flex\">\n<div class=\"wp-block-column is-layout-flow wp-block-column-is-layout-flow\"><\/div>\n\n\n\n<div class=\"wp-block-column is-layout-flow wp-block-column-is-layout-flow\"><\/div>\n\n\n\n<div class=\"wp-block-column is-layout-flow wp-block-column-is-layout-flow\"><\/div>\n<\/div>\n","protected":false},"excerpt":{"rendered":"<p>V\u00e5rt b\u00e6rekraftsansvar I september 2015 samlet 193 land seg for \u00e5 ratifisere 17 b\u00e6rekraftsm\u00e5l (SDGer) som skal fungere som en veikart mot en mer b\u00e6rekraftig fremtid. Scana bruker aktivt dette rammeverket for \u00e5 fremme v\u00e5r forpliktelse til en b\u00e6rekraftig planet. For tiden har Scana og v\u00e5re portef\u00f8ljeselskaper valgt ut fire spesifikke m\u00e5l som skal veilede [&hellip;]<\/p>\n","protected":false},"author":144,"featured_media":2928,"parent":0,"menu_order":5,"comment_status":"closed","ping_status":"closed","template":"","meta":{"_acf_changed":false,"inline_featured_image":false,"footnotes":""},"class_list":["post-2982","page","type-page","status-publish","has-post-thumbnail","hentry"],"acf":[],"jetpack_sharing_enabled":true,"_links":{"self":[{"href":"https:\/\/scana.no\/no\/wp-json\/wp\/v2\/pages\/2982","targetHints":{"allow":["GET"]}}],"collection":[{"href":"https:\/\/scana.no\/no\/wp-json\/wp\/v2\/pages"}],"about":[{"href":"https:\/\/scana.no\/no\/wp-json\/wp\/v2\/types\/page"}],"author":[{"embeddable":true,"href":"https:\/\/scana.no\/no\/wp-json\/wp\/v2\/users\/144"}],"replies":[{"embeddable":true,"href":"https:\/\/scana.no\/no\/wp-json\/wp\/v2\/comments?post=2982"}],"version-history":[{"count":8,"href":"https:\/\/scana.no\/no\/wp-json\/wp\/v2\/pages\/2982\/revisions"}],"predecessor-version":[{"id":4343,"href":"https:\/\/scana.no\/no\/wp-json\/wp\/v2\/pages\/2982\/revisions\/4343"}],"wp:featuredmedia":[{"embeddable":true,"href":"https:\/\/scana.no\/no\/wp-json\/wp\/v2\/media\/2928"}],"wp:attachment":[{"href":"https:\/\/scana.no\/no\/wp-json\/wp\/v2\/media?parent=2982"}],"curies":[{"name":"wp","href":"https:\/\/api.w.org\/{rel}","templated":true}]}}