{"id":2986,"date":"2022-03-23T15:00:41","date_gmt":"2022-03-23T14:00:41","guid":{"rendered":"https:\/\/scana.no\/sustainability\/health-safety-and-environment\/"},"modified":"2025-09-15T20:31:38","modified_gmt":"2025-09-15T18:31:38","slug":"health-safety-and-environment","status":"publish","type":"page","link":"https:\/\/scana.no\/no\/sustainability\/health-safety-and-environment\/","title":{"rendered":"Helse, sikkerhet og milj\u00f8"},"content":{"rendered":"\n<p>Scana benytter en systematisk tiln\u00e6rming for \u00e5 overv\u00e5ke og forbedre helse-, sikkerhets- og milj\u00f8standarder (HSE) b\u00e5de i morselskap og i portef\u00f8ljeselskapene.<\/p>\n\n\n\n<h3 class=\"wp-block-heading\"><strong>Helse og Sikkerhet<\/strong><\/h3>\n\n\n\n<p>Scana har implementert et omfattende HSE-program og jobber aktivt for \u00e5 heve HSE-standardene i b\u00e5de morselskapet og portef\u00f8ljeselskapene. Helse- og sikkerhetssp\u00f8rsm\u00e5l blir konsekvent behandlet p\u00e5 alle styrem\u00f8ter, med fokus p\u00e5 frav\u00e6r, n\u00e6r-ulykker og potensielle skader, samt selskapets oppf\u00f8lging av disse sakene.<\/p>\n\n\n\n<p>Sykefrav\u00e6ret i Scana anses for tiden \u00e5 v\u00e6re lavt, og det har ikke v\u00e6rt registrert noen hendelser med skade eller ulykker knyttet til aktivitetene i investeringsselskapet. Den generelle arbeidsmilj\u00f8et vurderes som tilfredsstillende.<\/p>\n\n\n\n<h3 class=\"wp-block-heading\"><strong>Milj\u00f8<\/strong><\/h3>\n\n\n\n<p>Scana vurderer de potensielle p\u00e5virkningene av sine aktiviteter p\u00e5 det ytre milj\u00f8 som minimale, prim\u00e6rt knyttet til flyreiser.<\/p>\n\n\n\n<p>Morselskapet har ikke v\u00e6rt underlagt tilsyn fra HSE-myndighetene siden 2015, og har ingen aktiviteter som krever lisenser eller tillatelser.<\/p>\n\n\n\n<p>Scana eier virksomheter med et mangfold av aktiviteter og markeder, fra st\u00e5lproduksjonsanlegg som lager noe av det reneste st\u00e5let, til selskaper som utvikler milj\u00f8vennlige fremdriftssystemer for skip, samt utstyr og komponenter for offshoreproduksjonsanlegg og eiendom.<\/p>\n\n\n\n<p>Selv om disse selskapene kan generere st\u00f8y og utslipp, er det avgj\u00f8rende for oss \u00e5 opprettholde h\u00f8ye milj\u00f8standarder i dag og utvikle en b\u00e6rekraftig milj\u00f8strategi for fremtiden.<\/p>\n\n\n\n<p>Som eier stiller vi krav til v\u00e5re portef\u00f8ljeselskaper om at deres drift ikke overskrider grensene for de utslippstillatelsene de har f\u00e5tt. Disse selskapene jobber kontinuerlig med \u00e5 redusere utslipp, minimere mengden avfall som sendes til deponi, og begrense sin samlede milj\u00f8p\u00e5virkning. Avfall som produseres under produksjonen blir resirkulert eller sortert i samsvar med regelverket. V\u00e5re st\u00e5lvirksomheter kj\u00f8per aktivt skrapmetall for smelting, og deltar dermed i resirkuleringsprosesser.<\/p>\n\n\n\n<p>V\u00e5rt m\u00e5l er \u00e5 sikre at produktene fra v\u00e5re investerte selskaper er s\u00e5 rene og rene som mulig, med minimal negativ innvirkning p\u00e5 milj\u00f8et gjennom hele produksjonsprosessen.<\/p>\n\n\n\n<p class=\"has-small-font-size\">Foto: Nordhordaland Tekst &amp; Foto<\/p>\n","protected":false},"excerpt":{"rendered":"<p>Scana benytter en systematisk tiln\u00e6rming for \u00e5 overv\u00e5ke og forbedre helse-, sikkerhets- og milj\u00f8standarder (HSE) b\u00e5de i morselskap og i portef\u00f8ljeselskapene. Helse og Sikkerhet Scana har implementert et omfattende HSE-program og jobber aktivt for \u00e5 heve HSE-standardene i b\u00e5de morselskapet og portef\u00f8ljeselskapene. Helse- og sikkerhetssp\u00f8rsm\u00e5l blir konsekvent behandlet p\u00e5 alle styrem\u00f8ter, med fokus p\u00e5 frav\u00e6r, [&hellip;]<\/p>\n","protected":false},"author":144,"featured_media":3733,"parent":2982,"menu_order":1,"comment_status":"closed","ping_status":"closed","template":"","meta":{"_acf_changed":false,"inline_featured_image":false,"footnotes":""},"class_list":["post-2986","page","type-page","status-publish","has-post-thumbnail","hentry"],"acf":[],"jetpack_sharing_enabled":true,"_links":{"self":[{"href":"https:\/\/scana.no\/no\/wp-json\/wp\/v2\/pages\/2986","targetHints":{"allow":["GET"]}}],"collection":[{"href":"https:\/\/scana.no\/no\/wp-json\/wp\/v2\/pages"}],"about":[{"href":"https:\/\/scana.no\/no\/wp-json\/wp\/v2\/types\/page"}],"author":[{"embeddable":true,"href":"https:\/\/scana.no\/no\/wp-json\/wp\/v2\/users\/144"}],"replies":[{"embeddable":true,"href":"https:\/\/scana.no\/no\/wp-json\/wp\/v2\/comments?post=2986"}],"version-history":[{"count":8,"href":"https:\/\/scana.no\/no\/wp-json\/wp\/v2\/pages\/2986\/revisions"}],"predecessor-version":[{"id":4345,"href":"https:\/\/scana.no\/no\/wp-json\/wp\/v2\/pages\/2986\/revisions\/4345"}],"up":[{"embeddable":true,"href":"https:\/\/scana.no\/no\/wp-json\/wp\/v2\/pages\/2982"}],"wp:featuredmedia":[{"embeddable":true,"href":"https:\/\/scana.no\/no\/wp-json\/wp\/v2\/media\/3733"}],"wp:attachment":[{"href":"https:\/\/scana.no\/no\/wp-json\/wp\/v2\/media?parent=2986"}],"curies":[{"name":"wp","href":"https:\/\/api.w.org\/{rel}","templated":true}]}}