{"id":2990,"date":"2022-03-18T08:50:15","date_gmt":"2022-03-18T07:50:15","guid":{"rendered":"https:\/\/scana.no\/contact\/"},"modified":"2025-06-19T13:30:35","modified_gmt":"2025-06-19T11:30:35","slug":"contact","status":"publish","type":"page","link":"https:\/\/scana.no\/no\/contact\/","title":{"rendered":"Kontakt"},"content":{"rendered":"\n<div class=\"wp-block-columns contact_header is-layout-flex wp-container-core-columns-is-layout-9d6595d7 wp-block-columns-is-layout-flex\">\n<div class=\"wp-block-column is-layout-flow wp-block-column-is-layout-flow\">\n<h2 class=\"wp-block-heading\">Hovedkvarter<\/h2>\n\n\n\n<p>Wernersholmvegen 49<br>NO-5232 Paradis<br>Norway<\/p>\n\n\n\n<p><br><a href=\"mailto:post@scana.no\">post@scana.no<\/a><\/p>\n<\/div>\n\n\n\n<div class=\"wp-block-column is-layout-flow wp-block-column-is-layout-flow\">\n<h2 class=\"wp-block-heading\">Fakturering<\/h2>\n\n\n\n<p><a href=\"mailto:invoice@scana.no\">Scana ASA<\/a><br><a href=\"mailto:invoicetrading@scana.no\">Scana Holding AS<\/a><\/p>\n<\/div>\n<\/div>\n\n\n\n<div class=\"wp-block-columns contact_subpages is-layout-flex wp-container-core-columns-is-layout-9d6595d7 wp-block-columns-is-layout-flex\">\n<div class=\"wp-block-column is-layout-flow wp-block-column-is-layout-flow\">\n<figure class=\"wp-block-image size-large\"><a href=\"https:\/\/scana.no\/no\/contact\/investor-relations-media\/\"><img loading=\"lazy\" decoding=\"async\" width=\"1732\" height=\"1300\" src=\"https:\/\/scana.no\/wp-content\/uploads\/2024\/08\/Scana-Web-2024_IMAGES-Frontpage_2500x1300_02-edited.jpg\" alt=\"\" class=\"wp-image-2482\" srcset=\"https:\/\/scana.no\/wp-content\/uploads\/2024\/08\/Scana-Web-2024_IMAGES-Frontpage_2500x1300_02-edited.jpg 1732w, https:\/\/scana.no\/wp-content\/uploads\/2024\/08\/Scana-Web-2024_IMAGES-Frontpage_2500x1300_02-edited-300x225.jpg 300w, https:\/\/scana.no\/wp-content\/uploads\/2024\/08\/Scana-Web-2024_IMAGES-Frontpage_2500x1300_02-edited-1024x769.jpg 1024w, https:\/\/scana.no\/wp-content\/uploads\/2024\/08\/Scana-Web-2024_IMAGES-Frontpage_2500x1300_02-edited-768x576.jpg 768w, https:\/\/scana.no\/wp-content\/uploads\/2024\/08\/Scana-Web-2024_IMAGES-Frontpage_2500x1300_02-edited-1536x1153.jpg 1536w\" sizes=\"auto, (max-width: 1732px) 100vw, 1732px\" \/><\/a><\/figure>\n\n\n\n<h3 class=\"wp-block-heading\"><a href=\"https:\/\/scana.no\/no\/contact\/investor-relations-media\/\">Investor Relasjoner<\/a><\/h3>\n<\/div>\n\n\n\n<div class=\"wp-block-column is-layout-flow wp-block-column-is-layout-flow\">\n<figure class=\"wp-block-image size-large\"><img loading=\"lazy\" decoding=\"async\" width=\"1440\" height=\"1080\" src=\"https:\/\/scana.no\/wp-content\/uploads\/2024\/08\/Scana-Seasystems-Nordlaks_1920x1080-02_web-edited.jpg\" alt=\"\" class=\"wp-image-2387\" srcset=\"https:\/\/scana.no\/wp-content\/uploads\/2024\/08\/Scana-Seasystems-Nordlaks_1920x1080-02_web-edited.jpg 1440w, https:\/\/scana.no\/wp-content\/uploads\/2024\/08\/Scana-Seasystems-Nordlaks_1920x1080-02_web-edited-300x225.jpg 300w, https:\/\/scana.no\/wp-content\/uploads\/2024\/08\/Scana-Seasystems-Nordlaks_1920x1080-02_web-edited-1024x768.jpg 1024w, https:\/\/scana.no\/wp-content\/uploads\/2024\/08\/Scana-Seasystems-Nordlaks_1920x1080-02_web-edited-768x576.jpg 768w\" sizes=\"auto, (max-width: 1440px) 100vw, 1440px\" \/><\/figure>\n\n\n\n<h3 class=\"wp-block-heading\"><a href=\"https:\/\/scana.no\/no\/contact\/media-contact\/\">Mediekontakt<\/a><\/h3>\n<\/div>\n\n\n\n<div class=\"wp-block-column is-layout-flow wp-block-column-is-layout-flow\">\n<figure class=\"wp-block-image size-large\"><img loading=\"lazy\" decoding=\"async\" width=\"1583\" height=\"1188\" src=\"https:\/\/scana.no\/wp-content\/uploads\/2024\/08\/industry-edited.jpg\" alt=\"\" class=\"wp-image-2389\" srcset=\"https:\/\/scana.no\/wp-content\/uploads\/2024\/08\/industry-edited.jpg 1583w, https:\/\/scana.no\/wp-content\/uploads\/2024\/08\/industry-edited-300x225.jpg 300w, https:\/\/scana.no\/wp-content\/uploads\/2024\/08\/industry-edited-1024x768.jpg 1024w, https:\/\/scana.no\/wp-content\/uploads\/2024\/08\/industry-edited-768x576.jpg 768w, https:\/\/scana.no\/wp-content\/uploads\/2024\/08\/industry-edited-1536x1153.jpg 1536w\" sizes=\"auto, (max-width: 1583px) 100vw, 1583px\" \/><\/figure>\n\n\n\n<h3 class=\"wp-block-heading\"><a href=\"https:\/\/scana.no\/no\/contact\/sustainability-contact\/\">B\u00e6rekraft<\/a><\/h3>\n<\/div>\n<\/div>\n\n\n\n<div class=\"wp-block-columns jobs_career is-layout-flex wp-container-core-columns-is-layout-9d6595d7 wp-block-columns-is-layout-flex\">\n<div class=\"wp-block-column is-layout-flow wp-block-column-is-layout-flow\">\n<h2 class=\"wp-block-heading\">Jobb og karriere<\/h2>\n\n\n\n<h4 class=\"wp-block-heading\">Er du klar for utfordringen?<\/h4>\n\n\n\n<p>Kontakt oss for \u00e5 diskutere sp\u00f8rsm\u00e5l om ledige stillinger eller andre karriererelaterte sp\u00f8rsm\u00e5l i Scana.<\/p>\n\n\n\n<p class=\"btn-link\"><a href=\"https:\/\/scana.no\/no\/career\/\">Les mer<\/a><\/p>\n<\/div>\n\n\n\n<div class=\"wp-block-column is-layout-flow wp-block-column-is-layout-flow\">\n<figure class=\"wp-block-image size-large\"><img loading=\"lazy\" decoding=\"async\" width=\"2000\" height=\"1125\" src=\"https:\/\/scana.no\/wp-content\/uploads\/2024\/08\/1E7A6089_01_web-edited.jpg\" alt=\"\" class=\"wp-image-2486\" srcset=\"https:\/\/scana.no\/wp-content\/uploads\/2024\/08\/1E7A6089_01_web-edited.jpg 2000w, https:\/\/scana.no\/wp-content\/uploads\/2024\/08\/1E7A6089_01_web-edited-300x169.jpg 300w, https:\/\/scana.no\/wp-content\/uploads\/2024\/08\/1E7A6089_01_web-edited-1024x576.jpg 1024w, https:\/\/scana.no\/wp-content\/uploads\/2024\/08\/1E7A6089_01_web-edited-768x432.jpg 768w, https:\/\/scana.no\/wp-content\/uploads\/2024\/08\/1E7A6089_01_web-edited-1536x864.jpg 1536w, https:\/\/scana.no\/wp-content\/uploads\/2024\/08\/1E7A6089_01_web-edited-1920x1080.jpg 1920w\" sizes=\"auto, (max-width: 2000px) 100vw, 2000px\" \/><\/figure>\n<\/div>\n<\/div>\n","protected":false},"excerpt":{"rendered":"<p>Hovedkvarter Wernersholmvegen 49NO-5232 ParadisNorway post@scana.no Fakturering Scana ASAScana Holding AS Investor Relasjoner Mediekontakt B\u00e6rekraft Jobb og karriere Er du klar for utfordringen? Kontakt oss for \u00e5 diskutere sp\u00f8rsm\u00e5l om ledige stillinger eller andre karriererelaterte sp\u00f8rsm\u00e5l i Scana. Les mer<\/p>\n","protected":false},"author":1,"featured_media":2927,"parent":0,"menu_order":6,"comment_status":"closed","ping_status":"closed","template":"","meta":{"_acf_changed":false,"inline_featured_image":false,"footnotes":""},"class_list":["post-2990","page","type-page","status-publish","has-post-thumbnail","hentry"],"acf":[],"jetpack_sharing_enabled":true,"_links":{"self":[{"href":"https:\/\/scana.no\/no\/wp-json\/wp\/v2\/pages\/2990","targetHints":{"allow":["GET"]}}],"collection":[{"href":"https:\/\/scana.no\/no\/wp-json\/wp\/v2\/pages"}],"about":[{"href":"https:\/\/scana.no\/no\/wp-json\/wp\/v2\/types\/page"}],"author":[{"embeddable":true,"href":"https:\/\/scana.no\/no\/wp-json\/wp\/v2\/users\/1"}],"replies":[{"embeddable":true,"href":"https:\/\/scana.no\/no\/wp-json\/wp\/v2\/comments?post=2990"}],"version-history":[{"count":6,"href":"https:\/\/scana.no\/no\/wp-json\/wp\/v2\/pages\/2990\/revisions"}],"predecessor-version":[{"id":3966,"href":"https:\/\/scana.no\/no\/wp-json\/wp\/v2\/pages\/2990\/revisions\/3966"}],"wp:featuredmedia":[{"embeddable":true,"href":"https:\/\/scana.no\/no\/wp-json\/wp\/v2\/media\/2927"}],"wp:attachment":[{"href":"https:\/\/scana.no\/no\/wp-json\/wp\/v2\/media?parent=2990"}],"curies":[{"name":"wp","href":"https:\/\/api.w.org\/{rel}","templated":true}]}}